{"id":3,"date":"2025-12-22T09:21:38","date_gmt":"2025-12-22T09:21:38","guid":{"rendered":"https:\/\/sb-hausverwaltung.de\/?page_id=3"},"modified":"2025-12-22T17:09:53","modified_gmt":"2025-12-22T17:09:53","slug":"privacy-policy","status":"publish","type":"page","link":"https:\/\/sb-hausverwaltung.de\/?page_id=3","title":{"rendered":"Datenschutzerkl\u00e4rung"},"content":{"rendered":"\n<h2 class=\"wp-block-heading\">Wer wir sind<\/h2>\n\n\n\n<p>Die Adresse unserer Website ist: <strong><a href=\"https:\/\/sb-hausverwaltung.de\">https:\/\/sb-hausverwaltung.de<\/a><\/strong><\/p>\n\n\n\n<h2 class=\"wp-block-heading\">1. Kommentare<\/h2>\n\n\n\n<p>Wenn Besucher Kommentare auf der Website schreiben, sammeln wir die Daten, die im Kommentarformular angezeigt werden, au\u00dferdem die IP-Adresse des Besuchers und den User-Agent-String des Browsers, um die Erkennung von Spam zu unterst\u00fctzen.<\/p>\n\n\n\n<p>Aus Ihrer E-Mail-Adresse kann eine anonymisierte Zeichenfolge (Hash) erstellt und dem Gravatar-Dienst \u00fcbermittelt werden, um zu pr\u00fcfen, ob Sie diesen nutzen. Die Datenschutzerkl\u00e4rung von Gravatar finden Sie hier:<br><a href=\"https:\/\/automattic.com\/privacy\/\">https:\/\/automattic.com\/privacy\/<\/a>Nach Freigabe Ihres Kommentars ist Ihr Profilbild \u00f6ffentlich im Zusammenhang mit Ihrem Kommentar sichtbar.<\/p>\n\n\n\n<h2 class=\"wp-block-heading\">2. Media<\/h2>\n\n\n\n<p>Wenn Sie Bilder auf diese Website hochladen, sollten Sie vermeiden, Bilder mit eingebetteten Standortdaten (EXIF-GPS) hochzuladen. Besucher der Website k\u00f6nnen Standortdaten aus den auf der Website gespeicherten Bildern herunterladen und extrahieren.<\/p>\n\n\n\n<h2 class=\"wp-block-heading\">3. Cookies<\/h2>\n\n\n\n<p>Unsere Website verwendet Cookies. Dabei handelt es sich um kleine Textdateien, die auf Ihrem Endger\u00e4t gespeichert werden.<\/p>\n\n\n\n<p><strong>Technisch notwendige Cookies<\/strong><br>Wenn Sie den internen Login-Bereich der Website nutzen (z. B. als Administrator), werden Cookies gesetzt, um:<\/p>\n\n\n\n<ul class=\"wp-block-list\">\n<li>Ihre Anmeldung aufrechtzuerhalten<\/li>\n\n\n\n<li>Anzeigeeinstellungen zu speichern<\/li>\n<\/ul>\n\n\n\n<p>Anmelde-Cookies verfallen nach zwei Tagen, Cookies f\u00fcr Anzeigeoptionen nach einem Jahr.<br>Wenn Sie \u201eAngemeldet bleiben\u201c w\u00e4hlen, bleibt Ihre Anmeldung zwei Wochen lang bestehen.<br>Beim Abmelden werden diese Cookies gel\u00f6scht.<\/p>\n\n\n\n<p>Diese Cookies sind f\u00fcr den Betrieb der Website erforderlich und k\u00f6nnen nicht deaktiviert werden.<\/p>\n\n\n\n<h2 class=\"wp-block-heading\">4. Eingebettete Inhalte von anderen Websites<\/h2>\n\n\n\n<p>Beitr\u00e4ge auf dieser Website k\u00f6nnen eingebettete Inhalte enthalten (z. B. Videos, Bilder, Beitr\u00e4ge etc.).<br>Eingebettete Inhalte von anderen Websites verhalten sich exakt so, als ob der Besucher die andere Website direkt besucht h\u00e4tte.<\/p>\n\n\n\n<p>Diese Websites k\u00f6nnen Daten \u00fcber Sie sammeln, Cookies verwenden, zus\u00e4tzliche Tracking-Dienste von Dritten einbetten und Ihre Interaktion mit diesen eingebetteten Inhalten aufzeichnen \u2013 einschlie\u00dflich der Interaktion, wenn Sie dort ein Konto haben und bei dieser Website angemeldet sind.<\/p>\n\n\n\n<h2 class=\"wp-block-heading\">5. Mit wem wir Ihre Daten teilen<\/h2>\n\n\n\n<p>Wenn Sie eine Zur\u00fccksetzung des Passworts anfordern, wird Ihre IP-Adresse in der E-Mail zur Passwort-Zur\u00fccksetzung enthalten sein.<\/p>\n\n\n\n<h2 class=\"wp-block-heading\">6. Wie lange wir Ihre Daten speichern<\/h2>\n\n\n\n<p>Wenn Sie einen Kommentar schreiben, wird dieser inklusive Metadaten zeitlich unbegrenzt gespeichert.<br>So k\u00f6nnen wir Folgekommentare automatisch erkennen und freigeben, anstatt sie in einer Moderations-Warteschlange festzuhalten.<\/p>\n\n\n\n<p>F\u00fcr Benutzer, die sich auf unserer Website registrieren (falls vorhanden), speichern wir zus\u00e4tzlich die personenbezogenen Informationen, die sie in ihren Benutzerprofilen angeben.<br>Alle Benutzer k\u00f6nnen ihre pers\u00f6nlichen Informationen jederzeit einsehen, bearbeiten oder l\u00f6schen (der Benutzername kann nicht ge\u00e4ndert werden).<br>Administratoren der Website k\u00f6nnen diese Informationen ebenfalls einsehen und bearbeiten.<\/p>\n\n\n\n<h2 class=\"wp-block-heading\">7. Welche Rechte Sie an Ihren Daten haben<\/h2>\n\n\n\n<p>Wenn Sie ein Konto auf dieser Website besitzen oder Kommentare geschrieben haben, k\u00f6nnen Sie einen Export Ihrer personenbezogenen Daten bei uns anfordern, einschlie\u00dflich aller Daten, die Sie uns mitgeteilt haben.<\/p>\n\n\n\n<p>Dar\u00fcber hinaus k\u00f6nnen Sie die L\u00f6schung aller personenbezogenen Daten verlangen, die wir von Ihnen gespeichert haben.<br>Dies umfasst nicht die Daten, die wir aufgrund administrativer, rechtlicher oder sicherheitsrelevanter Verpflichtungen aufbewahren m\u00fcssen.<\/p>\n\n\n\n<h2 class=\"wp-block-heading\">8. Wohin Ihre Daten gesendet werden<\/h2>\n\n\n\n<p>Besucherkommentare k\u00f6nnen von einem automatisierten Dienst zur Spam-Erkennung untersucht werden.<\/p>\n","protected":false},"excerpt":{"rendered":"<p>Wer wir sind Die Adresse unserer Website ist: https:\/\/sb-hausverwaltung.de 1. Kommentare Wenn Besucher Kommentare auf der Website schreiben, sammeln wir die Daten, die im Kommentarformular angezeigt werden, au\u00dferdem die IP-Adresse des Besuchers und den User-Agent-String des Browsers, um die Erkennung von Spam zu unterst\u00fctzen. Aus Ihrer E-Mail-Adresse kann eine anonymisierte [&hellip;]<\/p>\n","protected":false},"author":1,"featured_media":0,"parent":0,"menu_order":0,"comment_status":"closed","ping_status":"closed","template":"","meta":{"_themeisle_gutenberg_block_has_review":false,"footnotes":""},"class_list":["post-3","page","type-page","status-publish","hentry"],"_links":{"self":[{"href":"https:\/\/sb-hausverwaltung.de\/index.php?rest_route=\/wp\/v2\/pages\/3","targetHints":{"allow":["GET"]}}],"collection":[{"href":"https:\/\/sb-hausverwaltung.de\/index.php?rest_route=\/wp\/v2\/pages"}],"about":[{"href":"https:\/\/sb-hausverwaltung.de\/index.php?rest_route=\/wp\/v2\/types\/page"}],"author":[{"embeddable":true,"href":"https:\/\/sb-hausverwaltung.de\/index.php?rest_route=\/wp\/v2\/users\/1"}],"replies":[{"embeddable":true,"href":"https:\/\/sb-hausverwaltung.de\/index.php?rest_route=%2Fwp%2Fv2%2Fcomments&post=3"}],"version-history":[{"count":2,"href":"https:\/\/sb-hausverwaltung.de\/index.php?rest_route=\/wp\/v2\/pages\/3\/revisions"}],"predecessor-version":[{"id":40,"href":"https:\/\/sb-hausverwaltung.de\/index.php?rest_route=\/wp\/v2\/pages\/3\/revisions\/40"}],"wp:attachment":[{"href":"https:\/\/sb-hausverwaltung.de\/index.php?rest_route=%2Fwp%2Fv2%2Fmedia&parent=3"}],"curies":[{"name":"wp","href":"https:\/\/api.w.org\/{rel}","templated":true}]}}